{"id":559,"date":"2020-10-26T15:14:16","date_gmt":"2020-10-26T15:14:16","guid":{"rendered":"https:\/\/emfasi.com\/servicios\/"},"modified":"2024-04-16T11:11:30","modified_gmt":"2024-04-16T11:11:30","slug":"serveis","status":"publish","type":"page","link":"https:\/\/emfasi.com\/ca\/serveis\/","title":{"rendered":"Serveis"},"content":{"rendered":"","protected":false},"excerpt":{"rendered":"","protected":false},"author":1,"featured_media":0,"parent":0,"menu_order":0,"comment_status":"closed","ping_status":"closed","template":"","meta":{"_acf_changed":false,"content-type":"","inline_featured_image":false,"footnotes":""},"class_list":["post-559","page","type-page","status-publish","hentry"],"acf":[],"yoast_head":"<!-- This site is optimized with the Yoast SEO plugin v27.4 - https:\/\/yoast.com\/product\/yoast-seo-wordpress\/ -->\n<title>\u00c8mfasi - Serveis de m\u00e0rqueting digital a Sabadell<\/title>\n<meta name=\"description\" content=\"Destaca davant la compet\u00e8ncia, captiva els teus potencials clients i aconsegueix els resultats que desitges amb uns serveis de m\u00e0rqueting digital que venen. Benvingut!\" \/>\n<meta name=\"robots\" content=\"index, follow, max-snippet:-1, max-image-preview:large, max-video-preview:-1\" \/>\n<link rel=\"canonical\" href=\"https:\/\/emfasi.com\/ca\/serveis\/\" \/>\n<meta property=\"og:locale\" content=\"ca_ES\" \/>\n<meta property=\"og:type\" content=\"article\" \/>\n<meta property=\"og:title\" content=\"\u00c8mfasi - Serveis de m\u00e0rqueting digital a Sabadell\" \/>\n<meta property=\"og:description\" content=\"Destaca davant la compet\u00e8ncia, captiva els teus potencials clients i aconsegueix els resultats que desitges amb uns serveis de m\u00e0rqueting digital que venen. Benvingut!\" \/>\n<meta property=\"og:url\" content=\"https:\/\/emfasi.com\/ca\/serveis\/\" \/>\n<meta property=\"og:site_name\" content=\"\u00c8mfasi\" \/>\n<meta property=\"article:modified_time\" content=\"2024-04-16T11:11:30+00:00\" \/>\n<meta property=\"og:image\" content=\"https:\/\/emfasi.com\/wp-content\/uploads\/2024\/01\/emfasi-profile-xxss.png\" \/>\n\t<meta property=\"og:image:width\" content=\"1080\" \/>\n\t<meta property=\"og:image:height\" content=\"1080\" \/>\n\t<meta property=\"og:image:type\" content=\"image\/png\" \/>\n<meta name=\"twitter:card\" content=\"summary_large_image\" \/>\n<script type=\"application\/ld+json\" class=\"yoast-schema-graph\">{\"@context\":\"https:\\\/\\\/schema.org\",\"@graph\":[{\"@type\":\"WebPage\",\"@id\":\"https:\\\/\\\/emfasi.com\\\/ca\\\/serveis\\\/\",\"url\":\"https:\\\/\\\/emfasi.com\\\/ca\\\/serveis\\\/\",\"name\":\"\u00c8mfasi - Serveis de m\u00e0rqueting digital a Sabadell\",\"isPartOf\":{\"@id\":\"https:\\\/\\\/emfasi.com\\\/ca\\\/#website\"},\"datePublished\":\"2020-10-26T15:14:16+00:00\",\"dateModified\":\"2024-04-16T11:11:30+00:00\",\"description\":\"Destaca davant la compet\u00e8ncia, captiva els teus potencials clients i aconsegueix els resultats que desitges amb uns serveis de m\u00e0rqueting digital que venen. Benvingut!\",\"breadcrumb\":{\"@id\":\"https:\\\/\\\/emfasi.com\\\/ca\\\/serveis\\\/#breadcrumb\"},\"inLanguage\":\"ca\",\"potentialAction\":[{\"@type\":\"ReadAction\",\"target\":[\"https:\\\/\\\/emfasi.com\\\/ca\\\/serveis\\\/\"]}]},{\"@type\":\"BreadcrumbList\",\"@id\":\"https:\\\/\\\/emfasi.com\\\/ca\\\/serveis\\\/#breadcrumb\",\"itemListElement\":[{\"@type\":\"ListItem\",\"position\":1,\"name\":\"Portada\",\"item\":\"https:\\\/\\\/emfasi.com\\\/ca\\\/\"},{\"@type\":\"ListItem\",\"position\":2,\"name\":\"Serveis\"}]},{\"@type\":\"WebSite\",\"@id\":\"https:\\\/\\\/emfasi.com\\\/ca\\\/#website\",\"url\":\"https:\\\/\\\/emfasi.com\\\/ca\\\/\",\"name\":\"\u00c8mfasi\",\"description\":\"your digital partner\",\"publisher\":{\"@id\":\"https:\\\/\\\/emfasi.com\\\/ca\\\/#organization\"},\"potentialAction\":[{\"@type\":\"SearchAction\",\"target\":{\"@type\":\"EntryPoint\",\"urlTemplate\":\"https:\\\/\\\/emfasi.com\\\/ca\\\/?s={search_term_string}\"},\"query-input\":{\"@type\":\"PropertyValueSpecification\",\"valueRequired\":true,\"valueName\":\"search_term_string\"}}],\"inLanguage\":\"ca\"},{\"@type\":\"Organization\",\"@id\":\"https:\\\/\\\/emfasi.com\\\/ca\\\/#organization\",\"name\":\"\u00e8mfasi - agencia de marketing digital\",\"alternateName\":\"\u00c8mfasi - disseny web\",\"url\":\"https:\\\/\\\/emfasi.com\\\/ca\\\/\",\"logo\":{\"@type\":\"ImageObject\",\"inLanguage\":\"ca\",\"@id\":\"https:\\\/\\\/emfasi.com\\\/ca\\\/#\\\/schema\\\/logo\\\/image\\\/\",\"url\":\"https:\\\/\\\/emfasi.com\\\/wp-content\\\/uploads\\\/2024\\\/01\\\/emfasi-profile-xxss.png\",\"contentUrl\":\"https:\\\/\\\/emfasi.com\\\/wp-content\\\/uploads\\\/2024\\\/01\\\/emfasi-profile-xxss.png\",\"width\":1080,\"height\":1080,\"caption\":\"\u00e8mfasi - agencia de marketing digital\"},\"image\":{\"@id\":\"https:\\\/\\\/emfasi.com\\\/ca\\\/#\\\/schema\\\/logo\\\/image\\\/\"},\"sameAs\":[\"https:\\\/\\\/www.instagram.com\\\/emfasi_com\\\/\",\"https:\\\/\\\/es.linkedin.com\\\/company\\\/emfasi-marketing-digital\"]}]}<\/script>\n<!-- \/ Yoast SEO plugin. -->","yoast_head_json":{"title":"\u00c8mfasi - Serveis de m\u00e0rqueting digital a Sabadell","description":"Destaca davant la compet\u00e8ncia, captiva els teus potencials clients i aconsegueix els resultats que desitges amb uns serveis de m\u00e0rqueting digital que venen. Benvingut!","robots":{"index":"index","follow":"follow","max-snippet":"max-snippet:-1","max-image-preview":"max-image-preview:large","max-video-preview":"max-video-preview:-1"},"canonical":"https:\/\/emfasi.com\/ca\/serveis\/","og_locale":"ca_ES","og_type":"article","og_title":"\u00c8mfasi - Serveis de m\u00e0rqueting digital a Sabadell","og_description":"Destaca davant la compet\u00e8ncia, captiva els teus potencials clients i aconsegueix els resultats que desitges amb uns serveis de m\u00e0rqueting digital que venen. Benvingut!","og_url":"https:\/\/emfasi.com\/ca\/serveis\/","og_site_name":"\u00c8mfasi","article_modified_time":"2024-04-16T11:11:30+00:00","og_image":[{"width":1080,"height":1080,"url":"https:\/\/emfasi.com\/wp-content\/uploads\/2024\/01\/emfasi-profile-xxss.png","type":"image\/png"}],"twitter_card":"summary_large_image","schema":{"@context":"https:\/\/schema.org","@graph":[{"@type":"WebPage","@id":"https:\/\/emfasi.com\/ca\/serveis\/","url":"https:\/\/emfasi.com\/ca\/serveis\/","name":"\u00c8mfasi - Serveis de m\u00e0rqueting digital a Sabadell","isPartOf":{"@id":"https:\/\/emfasi.com\/ca\/#website"},"datePublished":"2020-10-26T15:14:16+00:00","dateModified":"2024-04-16T11:11:30+00:00","description":"Destaca davant la compet\u00e8ncia, captiva els teus potencials clients i aconsegueix els resultats que desitges amb uns serveis de m\u00e0rqueting digital que venen. Benvingut!","breadcrumb":{"@id":"https:\/\/emfasi.com\/ca\/serveis\/#breadcrumb"},"inLanguage":"ca","potentialAction":[{"@type":"ReadAction","target":["https:\/\/emfasi.com\/ca\/serveis\/"]}]},{"@type":"BreadcrumbList","@id":"https:\/\/emfasi.com\/ca\/serveis\/#breadcrumb","itemListElement":[{"@type":"ListItem","position":1,"name":"Portada","item":"https:\/\/emfasi.com\/ca\/"},{"@type":"ListItem","position":2,"name":"Serveis"}]},{"@type":"WebSite","@id":"https:\/\/emfasi.com\/ca\/#website","url":"https:\/\/emfasi.com\/ca\/","name":"\u00c8mfasi","description":"your digital partner","publisher":{"@id":"https:\/\/emfasi.com\/ca\/#organization"},"potentialAction":[{"@type":"SearchAction","target":{"@type":"EntryPoint","urlTemplate":"https:\/\/emfasi.com\/ca\/?s={search_term_string}"},"query-input":{"@type":"PropertyValueSpecification","valueRequired":true,"valueName":"search_term_string"}}],"inLanguage":"ca"},{"@type":"Organization","@id":"https:\/\/emfasi.com\/ca\/#organization","name":"\u00e8mfasi - agencia de marketing digital","alternateName":"\u00c8mfasi - disseny web","url":"https:\/\/emfasi.com\/ca\/","logo":{"@type":"ImageObject","inLanguage":"ca","@id":"https:\/\/emfasi.com\/ca\/#\/schema\/logo\/image\/","url":"https:\/\/emfasi.com\/wp-content\/uploads\/2024\/01\/emfasi-profile-xxss.png","contentUrl":"https:\/\/emfasi.com\/wp-content\/uploads\/2024\/01\/emfasi-profile-xxss.png","width":1080,"height":1080,"caption":"\u00e8mfasi - agencia de marketing digital"},"image":{"@id":"https:\/\/emfasi.com\/ca\/#\/schema\/logo\/image\/"},"sameAs":["https:\/\/www.instagram.com\/emfasi_com\/","https:\/\/es.linkedin.com\/company\/emfasi-marketing-digital"]}]}},"_links":{"self":[{"href":"https:\/\/emfasi.com\/ca\/wp-json\/wp\/v2\/pages\/559","targetHints":{"allow":["GET"]}}],"collection":[{"href":"https:\/\/emfasi.com\/ca\/wp-json\/wp\/v2\/pages"}],"about":[{"href":"https:\/\/emfasi.com\/ca\/wp-json\/wp\/v2\/types\/page"}],"author":[{"embeddable":true,"href":"https:\/\/emfasi.com\/ca\/wp-json\/wp\/v2\/users\/1"}],"replies":[{"embeddable":true,"href":"https:\/\/emfasi.com\/ca\/wp-json\/wp\/v2\/comments?post=559"}],"version-history":[{"count":13,"href":"https:\/\/emfasi.com\/ca\/wp-json\/wp\/v2\/pages\/559\/revisions"}],"predecessor-version":[{"id":4322,"href":"https:\/\/emfasi.com\/ca\/wp-json\/wp\/v2\/pages\/559\/revisions\/4322"}],"wp:attachment":[{"href":"https:\/\/emfasi.com\/ca\/wp-json\/wp\/v2\/media?parent=559"}],"curies":[{"name":"wp","href":"https:\/\/api.w.org\/{rel}","templated":true}]}}