{"id":544,"date":"2020-10-27T14:51:04","date_gmt":"2020-10-27T14:51:04","guid":{"rendered":"https:\/\/emfasi.com\/contacto\/"},"modified":"2024-02-11T08:02:13","modified_gmt":"2024-02-11T08:02:13","slug":"contacte","status":"publish","type":"page","link":"https:\/\/emfasi.com\/ca\/contacte\/","title":{"rendered":"Contacte"},"content":{"rendered":"<div class=\"wpb-content-wrapper\"><p>[vc_row][vc_column][vc_column_text]<\/p>\n<div class=\"cont--contact\">\n<div class=\"cont--left\">\n<div class=\"cont--left-text\">\n<h1>Hola!<\/h1>\n<h3>Parla\u2019ns del teu projecte. Estem a la teva disposici\u00f3 pel que necessitis. Segur que ens entendrem.<\/h3>\n<\/div>\n<div class=\"cont__info\">\n<div class=\"info-emfasi\">\n<p class=\"info-emfasi-correo\"><a href=\"mailto:info@emfasi.com\">info@emfasi.com<\/a><\/p>\n<p class=\"info-emfasi-calle\">Rambla, 62, 1r 2a<\/p>\n<p class=\"info-emfasi-tel\"><a href=\"tel:+34937278606\">+34 937 278 606<\/a><\/p>\n<p class=\"info-emfasi-ciudad\">08201 Sabadell, Barcelona<\/p>\n<\/div>\n<\/div>\n<div class=\"cont--left-xarxes-socials\"><\/div>\n<div class=\"cont--left-work\">\n<div class=\"cont--title\">Vols treballar amb nosaltres?<\/div>\n<p>Envia&#8217;ns el teu curr\u00edculum i portafoli al seg\u00fcent e-mail:<\/p>\n<p><a href=\"mailto:rrhh@emfasi.com\">rrhh@emfasi.com<\/a><\/p>\n<\/div>\n<div class=\"cont--certificates\">\n<div class=\"cont--text\"><strong>Subvencions per a la contractaci\u00f3 laboral de joves en pr\u00e0ctiques menors de 30 anys i en situaci\u00f3 d\u2019atur.<\/strong> Aquesta actuaci\u00f3 est\u00e0 impulsada i subvencionada pel Servei P\u00fablic d&#8217;Ocupaci\u00f3 de Catalunya i finan\u00e7ada al 100% pel Fons Social Europeu com a part de la resposta de la Uni\u00f3 Europea a la pand\u00e8mia de COVID-19<\/div>\n<div class=\"cont--images\"><img decoding=\"async\" src=\"\/wp-content\/uploads\/2022\/12\/cert-soc.png\" alt=\"Certificado SOC\" \/><br \/>\n<img decoding=\"async\" src=\"\/wp-content\/uploads\/2022\/12\/cert-UE.png\" alt=\"Certificado Uni\u00f3 Europea\" \/><br \/>\n<img decoding=\"async\" src=\"\/wp-content\/uploads\/2022\/12\/cert-next.png\" alt=\"Certificado Next Generation\" \/><br \/>\n<img decoding=\"async\" src=\"\/wp-content\/uploads\/2022\/12\/cert-generalitat.png\" alt=\"Certificado generalitat\" \/><\/div>\n<\/div>\n<\/div>\n<div class=\"cont--right\">\n\n<div class=\"wpcf7 no-js\" id=\"wpcf7-f1810-o1\" lang=\"ca\" dir=\"ltr\" data-wpcf7-id=\"1810\">\n<div class=\"screen-reader-response\"><p role=\"status\" aria-live=\"polite\" aria-atomic=\"true\"><\/p> <ul><\/ul><\/div>\n<form action=\"\/ca\/wp-json\/wp\/v2\/pages\/544#wpcf7-f1810-o1\" method=\"post\" class=\"wpcf7-form init wpcf7-acceptance-as-validation\" aria-label=\"Formulari de contacte\" novalidate=\"novalidate\" data-status=\"init\">\n<fieldset class=\"hidden-fields-container\"><input type=\"hidden\" name=\"_wpcf7\" value=\"1810\" \/><input type=\"hidden\" name=\"_wpcf7_version\" value=\"6.1.5\" \/><input type=\"hidden\" name=\"_wpcf7_locale\" value=\"ca\" \/><input type=\"hidden\" name=\"_wpcf7_unit_tag\" value=\"wpcf7-f1810-o1\" \/><input type=\"hidden\" name=\"_wpcf7_container_post\" value=\"0\" \/><input type=\"hidden\" name=\"_wpcf7_posted_data_hash\" value=\"\" \/><input type=\"hidden\" name=\"_wpcf7_recaptcha_response\" value=\"\" \/>\n<\/fieldset>\n<div class=\"form-contact-two-columns\">\n\t<div class=\"col-contact Nom\">\n\t\t<p><label class=\"input-contact\"><\/label><label class=\"input-contact-text Nom \">Nom*<\/label><span class=\"wpcf7-form-control-wrap\" data-name=\"Nom\"><input size=\"40\" maxlength=\"400\" class=\"wpcf7-form-control wpcf7-text wpcf7-validates-as-required\" aria-required=\"true\" aria-invalid=\"false\" value=\"\" type=\"text\" name=\"Nom\" \/><\/span>\n\t\t<\/p>\n\t<\/div>\n\t<div class=\"col-contact Empresa\">\n\t\t<p><label class=\"input-contact\"><\/label><label class=\"input-contact-text Empresa\">Empresa*<\/label><span class=\"wpcf7-form-control-wrap\" data-name=\"Empresa\"><input size=\"40\" maxlength=\"400\" class=\"wpcf7-form-control wpcf7-text wpcf7-validates-as-required\" aria-required=\"true\" aria-invalid=\"false\" value=\"\" type=\"text\" name=\"Empresa\" \/><\/span>\n\t\t<\/p>\n\t<\/div>\n\t<div class=\"col-contact Email\">\n\t\t<p><label class=\"input-contact\"><\/label><label class=\"input-contact-text Email\">Email*<\/label><span class=\"wpcf7-form-control-wrap\" data-name=\"Email\"><input size=\"40\" maxlength=\"400\" class=\"wpcf7-form-control wpcf7-text wpcf7-validates-as-required\" aria-required=\"true\" aria-invalid=\"false\" value=\"\" type=\"text\" name=\"Email\" \/><\/span>\n\t\t<\/p>\n\t<\/div>\n\t<div class=\"col-contact Telefon\">\n\t\t<p><label class=\"input-contact\"><\/label><label class=\"input-contact-text Telefon\">Tel\u00e8fon*<\/label><span class=\"wpcf7-form-control-wrap\" data-name=\"Telefon\"><input size=\"40\" maxlength=\"400\" class=\"wpcf7-form-control wpcf7-text wpcf7-validates-as-required\" aria-required=\"true\" aria-invalid=\"false\" value=\"\" type=\"text\" name=\"Telefon\" \/><\/span>\n\t\t<\/p>\n\t<\/div>\n<\/div>\n<div class=\"col-contact comentari \">\n\t<p><label class=\"input-contact\"><\/label><label class=\"input-contact-text Comentari \">Comentari*<\/label><span class=\"wpcf7-form-control-wrap\" data-name=\"Comentari\"><textarea cols=\"40\" rows=\"10\" maxlength=\"2000\" class=\"wpcf7-form-control wpcf7-textarea wpcf7-validates-as-required\" aria-required=\"true\" aria-invalid=\"false\" name=\"Comentari\"><\/textarea><\/span>\n\t<\/p>\n<\/div>\n<p><span class=\"wpcf7-form-control-wrap\" data-name=\"mc4wp-subscribe\"><span class=\"wpcf7-form-control wpcf7-checkbox\"><span class=\"wpcf7-list-item first last\"><label><input type=\"checkbox\" name=\"mc4wp-subscribe[]\" value=\"Apunta&#039;m a la Newsletter!\" \/><span class=\"wpcf7-list-item-label\">Apunta&#039;m a la Newsletter!<\/span><\/label><\/span><\/span><\/span>\n<input class=\"wpcf7-form-control wpcf7-hidden\" value=\"Catal\u00e0\" type=\"hidden\" name=\"mc4wp-idioma\" \/>\n<br \/>\n<span class=\"wpcf7-form-control-wrap\" data-name=\"accept-this-1\"><span class=\"wpcf7-form-control wpcf7-acceptance\"><span class=\"wpcf7-list-item\"><label><input type=\"checkbox\" name=\"accept-this-1\" value=\"1\" aria-invalid=\"false\" \/><span class=\"wpcf7-list-item-label\">He llegit i accepto els <a href=\"\/ca\/politica-de-privacitat\/\" target=\"_blank\">Termes i condicions<\/a><\/span><\/label><\/span><\/span><\/span><br \/>\n<small> Aquest lloc est\u00e0 protegit per reCAPTCHA i Google <a href=\"https:\/\/policies.google.com\/privacy\"> Pol\u00edtica de privadesa <\/a> i s'apliquen les <a href=\"https:\/\/policies.google.com\/terms\"> Condicions del servei <\/a>.<br \/>\n<\/small><br \/>\n<input class=\"wpcf7-form-control wpcf7-submit has-spinner\" id=\"submit\" type=\"submit\" value=\"enviar\" \/>\n<\/p><div class=\"wpcf7-response-output\" aria-hidden=\"true\"><\/div>\n<\/form>\n<\/div>\n\n<\/div>\n<\/div>\n<p>[\/vc_column_text][\/vc_column][\/vc_row]<\/p>\n<\/div>","protected":false},"excerpt":{"rendered":"<p>[vc_row][vc_column][vc_column_text] Hola! Parla\u2019ns del teu projecte. Estem a la teva disposici\u00f3 pel que necessitis. Segur que ens entendrem. info@emfasi.com Rambla, 62, 1r 2a +34 937 278 606 08201 Sabadell, Barcelona Vols treballar amb nosaltres? Envia&#8217;ns el teu curr\u00edculum i portafoli al seg\u00fcent e-mail: rrhh@emfasi.com Subvencions per a la contractaci\u00f3 laboral de joves en pr\u00e0ctiques menors [&hellip;]<\/p>\n","protected":false},"author":1,"featured_media":0,"parent":0,"menu_order":0,"comment_status":"closed","ping_status":"closed","template":"page-templates\/page-no-title.php","meta":{"_acf_changed":false,"content-type":"","inline_featured_image":false,"footnotes":""},"class_list":["post-544","page","type-page","status-publish","hentry"],"acf":[],"yoast_head":"<!-- This site is optimized with the Yoast SEO plugin v27.4 - https:\/\/yoast.com\/product\/yoast-seo-wordpress\/ -->\n<title>Contacte - \u00c8mfasi<\/title>\n<meta name=\"description\" content=\"Hola! Parla&#039;ns del teu projecte. Estem a la teva disposici\u00f3 per al que necessitis. Volem convertir les teves idees en realitat. 937 278 606\" \/>\n<meta name=\"robots\" content=\"index, follow, max-snippet:-1, max-image-preview:large, max-video-preview:-1\" \/>\n<link rel=\"canonical\" href=\"https:\/\/emfasi.com\/ca\/contacte\/\" \/>\n<meta property=\"og:locale\" content=\"ca_ES\" \/>\n<meta property=\"og:type\" content=\"article\" \/>\n<meta property=\"og:title\" content=\"Contacte - \u00c8mfasi\" \/>\n<meta property=\"og:description\" content=\"Hola! Parla&#039;ns del teu projecte. Estem a la teva disposici\u00f3 per al que necessitis. Volem convertir les teves idees en realitat. 937 278 606\" \/>\n<meta property=\"og:url\" content=\"https:\/\/emfasi.com\/ca\/contacte\/\" \/>\n<meta property=\"og:site_name\" content=\"\u00c8mfasi\" \/>\n<meta property=\"article:modified_time\" content=\"2024-02-11T08:02:13+00:00\" \/>\n<meta property=\"og:image\" content=\"https:\/\/emfasi.com\/wp-content\/uploads\/2024\/01\/emfasi-profile-xxss.png\" \/>\n\t<meta property=\"og:image:width\" content=\"1080\" \/>\n\t<meta property=\"og:image:height\" content=\"1080\" \/>\n\t<meta property=\"og:image:type\" content=\"image\/png\" \/>\n<meta name=\"twitter:card\" content=\"summary_large_image\" \/>\n<meta name=\"twitter:label1\" content=\"Temps estimat de lectura\" \/>\n\t<meta name=\"twitter:data1\" content=\"2 minuts\" \/>\n<script type=\"application\/ld+json\" class=\"yoast-schema-graph\">{\"@context\":\"https:\\\/\\\/schema.org\",\"@graph\":[{\"@type\":\"WebPage\",\"@id\":\"https:\\\/\\\/emfasi.com\\\/ca\\\/contacte\\\/\",\"url\":\"https:\\\/\\\/emfasi.com\\\/ca\\\/contacte\\\/\",\"name\":\"Contacte - \u00c8mfasi\",\"isPartOf\":{\"@id\":\"https:\\\/\\\/emfasi.com\\\/ca\\\/#website\"},\"datePublished\":\"2020-10-27T14:51:04+00:00\",\"dateModified\":\"2024-02-11T08:02:13+00:00\",\"description\":\"Hola! Parla'ns del teu projecte. Estem a la teva disposici\u00f3 per al que necessitis. Volem convertir les teves idees en realitat. 937 278 606\",\"breadcrumb\":{\"@id\":\"https:\\\/\\\/emfasi.com\\\/ca\\\/contacte\\\/#breadcrumb\"},\"inLanguage\":\"ca\",\"potentialAction\":[{\"@type\":\"ReadAction\",\"target\":[\"https:\\\/\\\/emfasi.com\\\/ca\\\/contacte\\\/\"]}]},{\"@type\":\"BreadcrumbList\",\"@id\":\"https:\\\/\\\/emfasi.com\\\/ca\\\/contacte\\\/#breadcrumb\",\"itemListElement\":[{\"@type\":\"ListItem\",\"position\":1,\"name\":\"Portada\",\"item\":\"https:\\\/\\\/emfasi.com\\\/ca\\\/\"},{\"@type\":\"ListItem\",\"position\":2,\"name\":\"Contacte\"}]},{\"@type\":\"WebSite\",\"@id\":\"https:\\\/\\\/emfasi.com\\\/ca\\\/#website\",\"url\":\"https:\\\/\\\/emfasi.com\\\/ca\\\/\",\"name\":\"\u00c8mfasi\",\"description\":\"your digital partner\",\"publisher\":{\"@id\":\"https:\\\/\\\/emfasi.com\\\/ca\\\/#organization\"},\"potentialAction\":[{\"@type\":\"SearchAction\",\"target\":{\"@type\":\"EntryPoint\",\"urlTemplate\":\"https:\\\/\\\/emfasi.com\\\/ca\\\/?s={search_term_string}\"},\"query-input\":{\"@type\":\"PropertyValueSpecification\",\"valueRequired\":true,\"valueName\":\"search_term_string\"}}],\"inLanguage\":\"ca\"},{\"@type\":\"Organization\",\"@id\":\"https:\\\/\\\/emfasi.com\\\/ca\\\/#organization\",\"name\":\"\u00e8mfasi - agencia de marketing digital\",\"alternateName\":\"\u00c8mfasi - disseny web\",\"url\":\"https:\\\/\\\/emfasi.com\\\/ca\\\/\",\"logo\":{\"@type\":\"ImageObject\",\"inLanguage\":\"ca\",\"@id\":\"https:\\\/\\\/emfasi.com\\\/ca\\\/#\\\/schema\\\/logo\\\/image\\\/\",\"url\":\"https:\\\/\\\/emfasi.com\\\/wp-content\\\/uploads\\\/2024\\\/01\\\/emfasi-profile-xxss.png\",\"contentUrl\":\"https:\\\/\\\/emfasi.com\\\/wp-content\\\/uploads\\\/2024\\\/01\\\/emfasi-profile-xxss.png\",\"width\":1080,\"height\":1080,\"caption\":\"\u00e8mfasi - agencia de marketing digital\"},\"image\":{\"@id\":\"https:\\\/\\\/emfasi.com\\\/ca\\\/#\\\/schema\\\/logo\\\/image\\\/\"},\"sameAs\":[\"https:\\\/\\\/www.instagram.com\\\/emfasi_com\\\/\",\"https:\\\/\\\/es.linkedin.com\\\/company\\\/emfasi-marketing-digital\"]}]}<\/script>\n<!-- \/ Yoast SEO plugin. -->","yoast_head_json":{"title":"Contacte - \u00c8mfasi","description":"Hola! Parla'ns del teu projecte. Estem a la teva disposici\u00f3 per al que necessitis. Volem convertir les teves idees en realitat. 937 278 606","robots":{"index":"index","follow":"follow","max-snippet":"max-snippet:-1","max-image-preview":"max-image-preview:large","max-video-preview":"max-video-preview:-1"},"canonical":"https:\/\/emfasi.com\/ca\/contacte\/","og_locale":"ca_ES","og_type":"article","og_title":"Contacte - \u00c8mfasi","og_description":"Hola! Parla'ns del teu projecte. Estem a la teva disposici\u00f3 per al que necessitis. Volem convertir les teves idees en realitat. 937 278 606","og_url":"https:\/\/emfasi.com\/ca\/contacte\/","og_site_name":"\u00c8mfasi","article_modified_time":"2024-02-11T08:02:13+00:00","og_image":[{"width":1080,"height":1080,"url":"https:\/\/emfasi.com\/wp-content\/uploads\/2024\/01\/emfasi-profile-xxss.png","type":"image\/png"}],"twitter_card":"summary_large_image","twitter_misc":{"Temps estimat de lectura":"2 minuts"},"schema":{"@context":"https:\/\/schema.org","@graph":[{"@type":"WebPage","@id":"https:\/\/emfasi.com\/ca\/contacte\/","url":"https:\/\/emfasi.com\/ca\/contacte\/","name":"Contacte - \u00c8mfasi","isPartOf":{"@id":"https:\/\/emfasi.com\/ca\/#website"},"datePublished":"2020-10-27T14:51:04+00:00","dateModified":"2024-02-11T08:02:13+00:00","description":"Hola! Parla'ns del teu projecte. Estem a la teva disposici\u00f3 per al que necessitis. Volem convertir les teves idees en realitat. 937 278 606","breadcrumb":{"@id":"https:\/\/emfasi.com\/ca\/contacte\/#breadcrumb"},"inLanguage":"ca","potentialAction":[{"@type":"ReadAction","target":["https:\/\/emfasi.com\/ca\/contacte\/"]}]},{"@type":"BreadcrumbList","@id":"https:\/\/emfasi.com\/ca\/contacte\/#breadcrumb","itemListElement":[{"@type":"ListItem","position":1,"name":"Portada","item":"https:\/\/emfasi.com\/ca\/"},{"@type":"ListItem","position":2,"name":"Contacte"}]},{"@type":"WebSite","@id":"https:\/\/emfasi.com\/ca\/#website","url":"https:\/\/emfasi.com\/ca\/","name":"\u00c8mfasi","description":"your digital partner","publisher":{"@id":"https:\/\/emfasi.com\/ca\/#organization"},"potentialAction":[{"@type":"SearchAction","target":{"@type":"EntryPoint","urlTemplate":"https:\/\/emfasi.com\/ca\/?s={search_term_string}"},"query-input":{"@type":"PropertyValueSpecification","valueRequired":true,"valueName":"search_term_string"}}],"inLanguage":"ca"},{"@type":"Organization","@id":"https:\/\/emfasi.com\/ca\/#organization","name":"\u00e8mfasi - agencia de marketing digital","alternateName":"\u00c8mfasi - disseny web","url":"https:\/\/emfasi.com\/ca\/","logo":{"@type":"ImageObject","inLanguage":"ca","@id":"https:\/\/emfasi.com\/ca\/#\/schema\/logo\/image\/","url":"https:\/\/emfasi.com\/wp-content\/uploads\/2024\/01\/emfasi-profile-xxss.png","contentUrl":"https:\/\/emfasi.com\/wp-content\/uploads\/2024\/01\/emfasi-profile-xxss.png","width":1080,"height":1080,"caption":"\u00e8mfasi - agencia de marketing digital"},"image":{"@id":"https:\/\/emfasi.com\/ca\/#\/schema\/logo\/image\/"},"sameAs":["https:\/\/www.instagram.com\/emfasi_com\/","https:\/\/es.linkedin.com\/company\/emfasi-marketing-digital"]}]}},"_links":{"self":[{"href":"https:\/\/emfasi.com\/ca\/wp-json\/wp\/v2\/pages\/544","targetHints":{"allow":["GET"]}}],"collection":[{"href":"https:\/\/emfasi.com\/ca\/wp-json\/wp\/v2\/pages"}],"about":[{"href":"https:\/\/emfasi.com\/ca\/wp-json\/wp\/v2\/types\/page"}],"author":[{"embeddable":true,"href":"https:\/\/emfasi.com\/ca\/wp-json\/wp\/v2\/users\/1"}],"replies":[{"embeddable":true,"href":"https:\/\/emfasi.com\/ca\/wp-json\/wp\/v2\/comments?post=544"}],"version-history":[{"count":6,"href":"https:\/\/emfasi.com\/ca\/wp-json\/wp\/v2\/pages\/544\/revisions"}],"predecessor-version":[{"id":4091,"href":"https:\/\/emfasi.com\/ca\/wp-json\/wp\/v2\/pages\/544\/revisions\/4091"}],"wp:attachment":[{"href":"https:\/\/emfasi.com\/ca\/wp-json\/wp\/v2\/media?parent=544"}],"curies":[{"name":"wp","href":"https:\/\/api.w.org\/{rel}","templated":true}]}}