{"id":3776,"date":"2024-01-15T14:51:40","date_gmt":"2024-01-15T14:51:40","guid":{"rendered":"https:\/\/emfasi.com\/quienes-somos\/"},"modified":"2024-03-05T14:54:49","modified_gmt":"2024-03-05T14:54:49","slug":"qui-som","status":"publish","type":"page","link":"https:\/\/emfasi.com\/ca\/qui-som\/","title":{"rendered":"Qui som"},"content":{"rendered":"","protected":false},"excerpt":{"rendered":"","protected":false},"author":1,"featured_media":0,"parent":0,"menu_order":0,"comment_status":"closed","ping_status":"closed","template":"","meta":{"_acf_changed":false,"content-type":"","inline_featured_image":false,"footnotes":""},"class_list":["post-3776","page","type-page","status-publish","hentry"],"acf":[],"yoast_head":"<!-- This site is optimized with the Yoast SEO plugin v27.4 - https:\/\/yoast.com\/product\/yoast-seo-wordpress\/ -->\n<title>Som el teu guia en el m\u00f3n del m\u00e0rqueting digital - Emfasi<\/title>\n<meta name=\"description\" content=\"Som el guia ideal pel teu m\u00e0rqueting digital. Transpar\u00e8ncia, comunicaci\u00f3 clara i processos senzills per assolir els teus objectius. T&#039;acompanyem cap a l&#039;\u00e8xit!\" \/>\n<meta name=\"robots\" content=\"index, follow, max-snippet:-1, max-image-preview:large, max-video-preview:-1\" \/>\n<link rel=\"canonical\" href=\"https:\/\/emfasi.com\/ca\/qui-som\/\" \/>\n<meta property=\"og:locale\" content=\"ca_ES\" \/>\n<meta property=\"og:type\" content=\"article\" \/>\n<meta property=\"og:title\" content=\"Som el teu guia en el m\u00f3n del m\u00e0rqueting digital - Emfasi\" \/>\n<meta property=\"og:description\" content=\"Som el guia ideal pel teu m\u00e0rqueting digital. Transpar\u00e8ncia, comunicaci\u00f3 clara i processos senzills per assolir els teus objectius. T&#039;acompanyem cap a l&#039;\u00e8xit!\" \/>\n<meta property=\"og:url\" content=\"https:\/\/emfasi.com\/ca\/qui-som\/\" \/>\n<meta property=\"og:site_name\" content=\"\u00c8mfasi\" \/>\n<meta property=\"article:modified_time\" content=\"2024-03-05T14:54:49+00:00\" \/>\n<meta property=\"og:image\" content=\"https:\/\/emfasi.com\/wp-content\/uploads\/2024\/01\/emfasi-profile-xxss.png\" \/>\n\t<meta property=\"og:image:width\" content=\"1080\" \/>\n\t<meta property=\"og:image:height\" content=\"1080\" \/>\n\t<meta property=\"og:image:type\" content=\"image\/png\" \/>\n<meta name=\"twitter:card\" content=\"summary_large_image\" \/>\n<script type=\"application\/ld+json\" class=\"yoast-schema-graph\">{\"@context\":\"https:\\\/\\\/schema.org\",\"@graph\":[{\"@type\":\"WebPage\",\"@id\":\"https:\\\/\\\/emfasi.com\\\/ca\\\/qui-som\\\/\",\"url\":\"https:\\\/\\\/emfasi.com\\\/ca\\\/qui-som\\\/\",\"name\":\"Som el teu guia en el m\u00f3n del m\u00e0rqueting digital - Emfasi\",\"isPartOf\":{\"@id\":\"https:\\\/\\\/emfasi.com\\\/ca\\\/#website\"},\"datePublished\":\"2024-01-15T14:51:40+00:00\",\"dateModified\":\"2024-03-05T14:54:49+00:00\",\"description\":\"Som el guia ideal pel teu m\u00e0rqueting digital. Transpar\u00e8ncia, comunicaci\u00f3 clara i processos senzills per assolir els teus objectius. T'acompanyem cap a l'\u00e8xit!\",\"breadcrumb\":{\"@id\":\"https:\\\/\\\/emfasi.com\\\/ca\\\/qui-som\\\/#breadcrumb\"},\"inLanguage\":\"ca\",\"potentialAction\":[{\"@type\":\"ReadAction\",\"target\":[\"https:\\\/\\\/emfasi.com\\\/ca\\\/qui-som\\\/\"]}]},{\"@type\":\"BreadcrumbList\",\"@id\":\"https:\\\/\\\/emfasi.com\\\/ca\\\/qui-som\\\/#breadcrumb\",\"itemListElement\":[{\"@type\":\"ListItem\",\"position\":1,\"name\":\"Portada\",\"item\":\"https:\\\/\\\/emfasi.com\\\/ca\\\/\"},{\"@type\":\"ListItem\",\"position\":2,\"name\":\"Qui som\"}]},{\"@type\":\"WebSite\",\"@id\":\"https:\\\/\\\/emfasi.com\\\/ca\\\/#website\",\"url\":\"https:\\\/\\\/emfasi.com\\\/ca\\\/\",\"name\":\"\u00c8mfasi\",\"description\":\"your digital partner\",\"publisher\":{\"@id\":\"https:\\\/\\\/emfasi.com\\\/ca\\\/#organization\"},\"potentialAction\":[{\"@type\":\"SearchAction\",\"target\":{\"@type\":\"EntryPoint\",\"urlTemplate\":\"https:\\\/\\\/emfasi.com\\\/ca\\\/?s={search_term_string}\"},\"query-input\":{\"@type\":\"PropertyValueSpecification\",\"valueRequired\":true,\"valueName\":\"search_term_string\"}}],\"inLanguage\":\"ca\"},{\"@type\":\"Organization\",\"@id\":\"https:\\\/\\\/emfasi.com\\\/ca\\\/#organization\",\"name\":\"\u00e8mfasi - agencia de marketing digital\",\"alternateName\":\"\u00c8mfasi - disseny web\",\"url\":\"https:\\\/\\\/emfasi.com\\\/ca\\\/\",\"logo\":{\"@type\":\"ImageObject\",\"inLanguage\":\"ca\",\"@id\":\"https:\\\/\\\/emfasi.com\\\/ca\\\/#\\\/schema\\\/logo\\\/image\\\/\",\"url\":\"https:\\\/\\\/emfasi.com\\\/wp-content\\\/uploads\\\/2024\\\/01\\\/emfasi-profile-xxss.png\",\"contentUrl\":\"https:\\\/\\\/emfasi.com\\\/wp-content\\\/uploads\\\/2024\\\/01\\\/emfasi-profile-xxss.png\",\"width\":1080,\"height\":1080,\"caption\":\"\u00e8mfasi - agencia de marketing digital\"},\"image\":{\"@id\":\"https:\\\/\\\/emfasi.com\\\/ca\\\/#\\\/schema\\\/logo\\\/image\\\/\"},\"sameAs\":[\"https:\\\/\\\/www.instagram.com\\\/emfasi_com\\\/\",\"https:\\\/\\\/es.linkedin.com\\\/company\\\/emfasi-marketing-digital\"]}]}<\/script>\n<!-- \/ Yoast SEO plugin. -->","yoast_head_json":{"title":"Som el teu guia en el m\u00f3n del m\u00e0rqueting digital - Emfasi","description":"Som el guia ideal pel teu m\u00e0rqueting digital. Transpar\u00e8ncia, comunicaci\u00f3 clara i processos senzills per assolir els teus objectius. T'acompanyem cap a l'\u00e8xit!","robots":{"index":"index","follow":"follow","max-snippet":"max-snippet:-1","max-image-preview":"max-image-preview:large","max-video-preview":"max-video-preview:-1"},"canonical":"https:\/\/emfasi.com\/ca\/qui-som\/","og_locale":"ca_ES","og_type":"article","og_title":"Som el teu guia en el m\u00f3n del m\u00e0rqueting digital - Emfasi","og_description":"Som el guia ideal pel teu m\u00e0rqueting digital. Transpar\u00e8ncia, comunicaci\u00f3 clara i processos senzills per assolir els teus objectius. T'acompanyem cap a l'\u00e8xit!","og_url":"https:\/\/emfasi.com\/ca\/qui-som\/","og_site_name":"\u00c8mfasi","article_modified_time":"2024-03-05T14:54:49+00:00","og_image":[{"width":1080,"height":1080,"url":"https:\/\/emfasi.com\/wp-content\/uploads\/2024\/01\/emfasi-profile-xxss.png","type":"image\/png"}],"twitter_card":"summary_large_image","schema":{"@context":"https:\/\/schema.org","@graph":[{"@type":"WebPage","@id":"https:\/\/emfasi.com\/ca\/qui-som\/","url":"https:\/\/emfasi.com\/ca\/qui-som\/","name":"Som el teu guia en el m\u00f3n del m\u00e0rqueting digital - Emfasi","isPartOf":{"@id":"https:\/\/emfasi.com\/ca\/#website"},"datePublished":"2024-01-15T14:51:40+00:00","dateModified":"2024-03-05T14:54:49+00:00","description":"Som el guia ideal pel teu m\u00e0rqueting digital. Transpar\u00e8ncia, comunicaci\u00f3 clara i processos senzills per assolir els teus objectius. T'acompanyem cap a l'\u00e8xit!","breadcrumb":{"@id":"https:\/\/emfasi.com\/ca\/qui-som\/#breadcrumb"},"inLanguage":"ca","potentialAction":[{"@type":"ReadAction","target":["https:\/\/emfasi.com\/ca\/qui-som\/"]}]},{"@type":"BreadcrumbList","@id":"https:\/\/emfasi.com\/ca\/qui-som\/#breadcrumb","itemListElement":[{"@type":"ListItem","position":1,"name":"Portada","item":"https:\/\/emfasi.com\/ca\/"},{"@type":"ListItem","position":2,"name":"Qui som"}]},{"@type":"WebSite","@id":"https:\/\/emfasi.com\/ca\/#website","url":"https:\/\/emfasi.com\/ca\/","name":"\u00c8mfasi","description":"your digital partner","publisher":{"@id":"https:\/\/emfasi.com\/ca\/#organization"},"potentialAction":[{"@type":"SearchAction","target":{"@type":"EntryPoint","urlTemplate":"https:\/\/emfasi.com\/ca\/?s={search_term_string}"},"query-input":{"@type":"PropertyValueSpecification","valueRequired":true,"valueName":"search_term_string"}}],"inLanguage":"ca"},{"@type":"Organization","@id":"https:\/\/emfasi.com\/ca\/#organization","name":"\u00e8mfasi - agencia de marketing digital","alternateName":"\u00c8mfasi - disseny web","url":"https:\/\/emfasi.com\/ca\/","logo":{"@type":"ImageObject","inLanguage":"ca","@id":"https:\/\/emfasi.com\/ca\/#\/schema\/logo\/image\/","url":"https:\/\/emfasi.com\/wp-content\/uploads\/2024\/01\/emfasi-profile-xxss.png","contentUrl":"https:\/\/emfasi.com\/wp-content\/uploads\/2024\/01\/emfasi-profile-xxss.png","width":1080,"height":1080,"caption":"\u00e8mfasi - agencia de marketing digital"},"image":{"@id":"https:\/\/emfasi.com\/ca\/#\/schema\/logo\/image\/"},"sameAs":["https:\/\/www.instagram.com\/emfasi_com\/","https:\/\/es.linkedin.com\/company\/emfasi-marketing-digital"]}]}},"_links":{"self":[{"href":"https:\/\/emfasi.com\/ca\/wp-json\/wp\/v2\/pages\/3776","targetHints":{"allow":["GET"]}}],"collection":[{"href":"https:\/\/emfasi.com\/ca\/wp-json\/wp\/v2\/pages"}],"about":[{"href":"https:\/\/emfasi.com\/ca\/wp-json\/wp\/v2\/types\/page"}],"author":[{"embeddable":true,"href":"https:\/\/emfasi.com\/ca\/wp-json\/wp\/v2\/users\/1"}],"replies":[{"embeddable":true,"href":"https:\/\/emfasi.com\/ca\/wp-json\/wp\/v2\/comments?post=3776"}],"version-history":[{"count":3,"href":"https:\/\/emfasi.com\/ca\/wp-json\/wp\/v2\/pages\/3776\/revisions"}],"predecessor-version":[{"id":4284,"href":"https:\/\/emfasi.com\/ca\/wp-json\/wp\/v2\/pages\/3776\/revisions\/4284"}],"wp:attachment":[{"href":"https:\/\/emfasi.com\/ca\/wp-json\/wp\/v2\/media?parent=3776"}],"curies":[{"name":"wp","href":"https:\/\/api.w.org\/{rel}","templated":true}]}}