{"id":1775,"date":"2021-05-26T11:46:46","date_gmt":"2021-05-26T11:46:46","guid":{"rendered":"https:\/\/emfasi.com\/?page_id=1775"},"modified":"2021-05-26T12:26:37","modified_gmt":"2021-05-26T12:26:37","slug":"politica-de-cookies","status":"publish","type":"page","link":"https:\/\/emfasi.com\/ca\/politica-de-cookies\/","title":{"rendered":"Pol\u00edtica de cookies"},"content":{"rendered":"<div class=\"cli_pg_page_contaner\">\n<div>\n<p><span style=\"font-weight: 400;\">Aquesta pol\u00edtica de cookies t\u00e9 per finalitat informar de manera clara i precisa sobre les cookies que s&#8217;utilitzen al nostre web.\u00a0<\/span><\/p>\n<p><span style=\"font-weight: 400;\">Utilitzem cookies pr\u00f2pies i de tercers per millorar els nostres serveis, personalitzar el nostre lloc web, facilitar la navegaci\u00f3 dels nostres usuaris, proporcionar-li una millor experi\u00e8ncia en l&#8217;\u00fas de la p\u00e0gina web, identificar problemes per millorar el mateix, fer amidaments i estad\u00edstiques d&#8217;\u00fas i mostrar-li publicitat relacionada amb les seves prefer\u00e8ncies mitjan\u00e7ant l&#8217;an\u00e0lisi de l&#8217;\u00fas de la p\u00e0gina web.\u00a0<\/span><\/p>\n<p><span style=\"font-weight: 400;\">L&#8217;informem que podem utilitzar cookies en el seu equip a condici\u00f3 que l&#8217;usuari hagi donat el seu consentiment, excepte en els sup\u00f2sits en qu\u00e8 les galetes siguin necess\u00e0ries per a la navegaci\u00f3 pel nostre lloc web. En cas que presti el seu consentiment, podrem utilitzar cookies que ens permetran tenir m\u00e9s informaci\u00f3 sobre les seves prefer\u00e8ncies i personalitzar el nostre lloc web de conformitat amb els seus interessos individuals.<\/span><\/p>\n<h2>\u00bfQU\u00c9 S\u00d3N LAS COOKIES?<\/h2>\n<p><span style=\"font-weight: 400;\">Les cookies i altres tecnologies similars com ara local shared objects, flash cookies o p\u00edxels, s\u00f3n eines emprades pels servidors web per a emmagatzemar i recuperar informaci\u00f3 sobre els seus visitants, aix\u00ed com per oferir un correcte funcionament de el lloc.\u00a0<\/span><\/p>\n<h2>TIPUS DE COOKIES<\/h2>\n<p><b>Tipus de galetes en funci\u00f3 de l&#8217;entitat que les gestioni:\u00a0<\/b><\/p>\n<ul>\n<li style=\"font-weight: 400;\"><b>Cookiespr\u00f2pies: <\/b><span style=\"font-weight: 400;\">s\u00f3n aquelles que s&#8217;envien a l&#8217;equip terminal de l&#8217;usuari des d&#8217;un equip o domini gestionat pel titular de la p\u00e0gina web i des de la qual es presta el servei sol\u00b7licitat per l&#8217;usuari.\u00a0<\/span><\/li>\n<li style=\"font-weight: 400;\"><b>Cookies de tercers: <\/b><span style=\"font-weight: 400;\">s\u00f3n aquelles que s&#8217;envien a l&#8217;equip terminal de l&#8217;usuari des d&#8217;un equip o domini que no \u00e9s gestionat pel titular de la p\u00e0gina web des de la qual es presta el servei sol\u00b7licitat per l&#8217;usuari, sin\u00f3 per una altra entitat que tracta les dades obtingudes mitjan\u00e7ant les galetes. Aix\u00ed mateix, en el cas que les galetes siguin instal\u00b7lades des d&#8217;un equip o domini gestionat pel mateix titular de el lloc web per\u00f2 la informaci\u00f3 que es reculli mitjan\u00e7ant aquestes sigui gestionada per un tercer, tamb\u00e9 seran considerades com a galetes de tercers.<\/span><\/li>\n<\/ul>\n<p><b>Tipus de galetes segons la finalitat:\u00a0<\/b><\/p>\n<ul>\n<li style=\"font-weight: 400;\"><b>Cookies t\u00e8cniques: <\/b><span style=\"font-weight: 400;\">S\u00f3n aquelles que permeten a l&#8217;usuari la navegaci\u00f3 a trav\u00e9s d&#8217;una p\u00e0gina web, plataforma o aplicaci\u00f3 i la utilitzaci\u00f3 de les diferents opcions o serveis que en ella hi hagi, incloent aquelles que l&#8217;editor utilitza per permetre la gesti\u00f3 i operativa de la p\u00e0gina web i habilitar les seves funcions i serveis, com, per exemple, controlar el tr\u00e0nsit i la comunicaci\u00f3 de dades, identificar la sessi\u00f3, accedir a parts d&#8217;acc\u00e9s restringit, recordar els elements que integren una comanda, realitzar el proc\u00e9s de compra d&#8217;una comanda, gestionar el pagament , controlar el frau vinculat a la seguretat de l&#8217;servei, realitzar la sol\u00b7licitud d&#8217;inscripci\u00f3 o participaci\u00f3 en un esdeveniment, comptar visites a efectes de la facturaci\u00f3 de llic\u00e8ncies de programari amb el que funciona el servei (lloc web, plataforma o aplicaci\u00f3), utilitzar elements de seguretat durant la navegaci\u00f3, emmagatzemar continguts per a la difusi\u00f3 de v\u00eddeos o so, habilitaci\u00f3 de contingut din\u00e0mics (per exemple, animaci\u00f3 de c\u00e0rrega de un text o imatge) o compartir continguts a trav\u00e9s de xarxes socials.<\/span><\/li>\n<\/ul>\n<p><span style=\"font-weight: 400;\">Tamb\u00e9 dins d&#8217;aquesta categoria, per la seva naturalesa t\u00e8cnica, aquelles galetes que permeten la gesti\u00f3, de la forma m\u00e9s efica\u00e7 possible, dels espais publicitaris que, com un element m\u00e9s de disseny o &#8220;maquetaci\u00f3&#8221; de l&#8217;servei ofert a l&#8217;usuari, l&#8217;editor hagi incl\u00f2s en una p\u00e0gina web, aplicaci\u00f3 o plataforma en base a criteris com el contingut editat, sense que es recopili informaci\u00f3 dels usuaris amb finalitats diferents, com pot ser personalitzar aquest contingut publicitari o altres continguts.\u00a0<\/span><\/p>\n<ul>\n<li style=\"font-weight: 400;\"><b>Cookies de prefer\u00e8ncies o personalitzaci\u00f3<\/b><span style=\"font-weight: 400;\">: : S\u00f3n aquelles que permeten recordar informaci\u00f3 perque l &#8216;usuari accedeixi a el Servei amb DETERMINADES car\u00e0cter\u00edstiques que podin diferenciar su experi\u00e8ncia de la d&#8217;Altres Usuaris, com, per Exemple, l&#8217;idioma, el nom de resultats a mostrar Quan l&#8217; usuari realitza una tanca, l&#8217;Aspecte o contingut de l&#8217;Servei en Funci\u00f3 de l&#8217;tipo de navegador a trav\u00e9s del qual l&#8217;usuari Accedeix a l&#8217;Servei o de la va regir els des de la qual s&#8217;accedeix a l&#8217;SERVEI, etc ..\u00a0<\/span><\/li>\n<\/ul>\n<ul>\n<li style=\"font-weight: 400;\"><b>Cookies d&#8217;an\u00e0lisi o mesurament: <\/b><span style=\"font-weight: 400;\">Galetes Deson aquelles que permeten el responsable de les mateixes el seguiment i an\u00e0lisi de l&#8217;comportament dels usuaris dels llocs web als que estan vinculades, inclosa la quantificaci\u00f3 dels impactes dels anuncis. La informaci\u00f3 recollida mitjan\u00e7ant aquest tipus de galetes s&#8217;utilitza en el mesurament de l&#8217;activitat dels llocs web, aplicaci\u00f3 o plataforma, per tal d&#8217;introduir millores en funci\u00f3 de l&#8217;an\u00e0lisi de les dades d&#8217;\u00fas que fan els usuaris de el servei. an\u00e0lisi o mesurament:<\/span><\/li>\n<\/ul>\n<ul>\n<li style=\"font-weight: 400;\"><b>Cookies de publicitat comportamental: <\/b><span style=\"font-weight: 400;\">s\u00f3n aquelles que permeten la gesti\u00f3, de la forma m\u00e9s efica\u00e7 possible, dels espais publicitaris que hi ha a la p\u00e0gina web. Aquestes galetes emmagatzemen informaci\u00f3 de l&#8217;comportament dels usuaris obtinguda a trav\u00e9s de l&#8217;observaci\u00f3 continuada dels seus h\u00e0bits de navegaci\u00f3, el que permet desenvolupar un perfil espec\u00edfic per mostrar publicitat en funci\u00f3 de la mateixa.<\/span><\/li>\n<\/ul>\n<ul>\n<li style=\"font-weight: 400;\"><b>Cookies de geolocalitzaci\u00f3<\/b><span style=\"font-weight: 400;\">: S&#8217;utilitzen per saber en quin lloc es troba un usuari quan sol\u00b7licita un servei. Aquesta galeta \u00e9s an\u00f2nima i s&#8217;usa per exemple per oferir-li la informaci\u00f3 adequada depenent de pa\u00eds en el qual es trobi.\u00a0<\/span><\/li>\n<\/ul>\n<p><b>Tipus de galetes segons termini de temps que romanen activades:\u00a0<\/b><\/p>\n<ul>\n<li style=\"font-weight: 400;\"><b>Cookies de sessi\u00f3<\/b><span style=\"font-weight: 400;\">: S\u00f3n aquelles dissenyades per a demanar i emmagatzemar dades mentre l&#8217;usuari accedeix a una p\u00e0gina web. Se solen emprar per emmagatzemar informaci\u00f3 que nom\u00e9s interessa conservar per a la prestaci\u00f3 de el servei sol\u00b7licitat per l&#8217;usuari en una sola ocasi\u00f3 (per exemple, una llista de productes adquirits) i desapareixen a l&#8217;acabar la sessi\u00f3.\u00a0<\/span><\/li>\n<\/ul>\n<ul>\n<li style=\"font-weight: 400;\"><b>Cookies persistents: <\/b><span style=\"font-weight: 400;\">s\u00f3n aquelles en qu\u00e8 les dades segueixen emmagatzemats en el terminal i poden ser accedits i tractats durant un per\u00edode definit pel responsable de la galeta, i que pot anar d&#8217;uns minuts a diversos anys.\u00a0<\/span><\/li>\n<\/ul>\n<\/div>\n<p><strong>Quins tipus de cookies utilitzem?<\/strong><\/p>\n<div>\n<p>Les galetes utilitzades al nostre lloc web s&#8217;agrupen en les seg\u00fcents categories.<br \/>\n<div class=\"wt-cli-element cli_cookie_category_single\"><\/div>\n<p>La seg\u00fcent llista detalla les cookies utilitzades al nostre lloc web.<br \/>\n<table class=\"wt-cli-element cookielawinfo-classic cookielawinfo-row-cat-table\"><thead><tr><th scope=\"col\" class=\"cookielawinfo-column-1\">Cookie<\/th><th scope=\"col\" class=\"cookielawinfo-column-3\">Durada<\/th><th scope=\"col\" class=\"cookielawinfo-column-4\">Descripci\u00f3<\/th><\/thead><tbody><tr class=\"cookielawinfo-row\"><td colspan=\"3\" class=\"cookielawinfo-column-empty\"><\/td><\/tr><\/tbody><\/table><\/p>\n<\/div>\n<div>\n<p>&nbsp;<\/p>\n<h2>COM desactiven Les galetes ALS NAVEGADORS?<\/h2>\n<p><span style=\"font-weight: 400;\">L&#8217;usuari pot, en qualsevol moment, permetre, bloquejar o eliminar les cookies instal\u00b7lades en el seu equip mitjan\u00e7ant la modificaci\u00f3 dels par\u00e0metres de configuraci\u00f3 de el navegador en el vostre ordinador:<\/span><\/p>\n<ul>\n<li style=\"font-weight: 400;\"><span style=\"font-weight: 400;\"><a href=\"https:\/\/support.google.com\/chrome\/answer\/95647?hl=es&amp;sc_ref_bbva=https%3A%2F%2Fwww.bbva.es%2Fsistema%2Fmeta%2Faviso-legal%2Findex.jsp\">Chrome<\/a> Configuraci\u00f3 -&gt; Mostrar opcions avan\u00e7ades -&gt; Privacitat -&gt; Configuraci\u00f3 del contingut. Per a m\u00e9s informaci\u00f3, podeu consultar <a href=\"https:\/\/support.google.com\/chrome\/answer\/95647?hl=es&amp;ref_topic=3434352\">el suport de Google<\/a> o l&#8217;Ajuda de el navegador.<\/span><\/li>\n<li style=\"font-weight: 400;\"><span style=\"font-weight: 400;\"><a href=\"https:\/\/support.microsoft.com\/es-es\/windows?ui=es-ES&amp;rs=es-ES&amp;ad=ES\">Explorer<\/a> eines-&gt; Opciones de Internet -&gt; Privacidad -&gt; Configuraci\u00f3. Per mes informaci\u00f3, pot consultar<a href=\"https:\/\/support.microsoft.com\/es-es\/office\/ayuda-de-internet-explorer-23360e49-9cd3-4dda-ba52-705336cc0de2?ui=es-ES&amp;rs=es-ES&amp;ad=ES#ie=ie-11\">el suport de Microsoft<\/a> o l&#8217;Ajuda de el navegador.<\/span><\/li>\n<li style=\"font-weight: 400;\"><span style=\"font-weight: 400;\"><a href=\"https:\/\/support.mozilla.org\/es\/kb\/habilitar-y-deshabilitar-cookies-sitios-web-rastrear-preferencias?sc_ref_bbva=https%3A%2F%2Fwww.bbva.es%2Fsistema%2Fmeta%2Faviso-legal%2Findex.jsp&amp;redirectslug=habilitar-y-deshabilitar-cookies-que-los-sitios-we&amp;redirectlocale=es\">Firefox<\/a>: Herramientas -&gt;Opciones -&gt; Privacidad -&gt; Historial -&gt; Configuraci\u00f3n Personalizada. Para m\u00e1s informaci\u00f3n, puede consultar <a href=\"https:\/\/support.mozilla.org\/es\/\">el soporte de Mozilla<\/a> o la Ayuda del navegador.<\/span><\/li>\n<li style=\"font-weight: 400;\"><span style=\"font-weight: 400;\"><a href=\"https:\/\/support.apple.com\/es-es\/guide\/safari\/sfri11471\/mac\">Safari<\/a> Preferencias -&gt; Seguridad.\u00a0 <\/span>Para m\u00e1s informaci\u00f3n, puede consultar <a href=\"https:\/\/support.apple.com\/es-es\/HT201265\">el soporte de Apple<\/a> o la Ayuda del navegador<\/li>\n<\/ul>\n<p><span style=\"font-weight: 400;\"La desactivaci\u00f3 de les cookies no impedeix la navegaci\u00f3 pel lloc web, encara que l'\u00fas d'alguns dels seus serveis podr\u00e0 ser limitat i, per tant, la seva experi\u00e8ncia de navegaci\u00f3 pot ser menys satisfact\u00f2ria.<\/span><\/p>\n<h2>RETIRAR EL CONSENTIMENT<\/h2>\n<p><span style=\"font-weight: 400;\">L&#8217;usuari podr\u00e0 retirar en qualsevol moment el seu consentiment relacionat amb la Pol\u00edtica de Cookies, i pot suprimir les galetes emmagatzemades en el seu equip a trav\u00e9s dels ajustos i configuracions del seu navegador d&#8217;Internet, indicats anteriorment, aix\u00ed com accedint al nostre panell de configuraci\u00f3:<\/span><\/p>\n<h2>CONFIGURAR COOKIES<\/h2>\n<p><span style=\"font-weight: 400;\">La present Pol\u00edtica de Cookies es podr\u00e0 modificar quan aix\u00ed ho exigeixi la legislaci\u00f3 vigent en cada moment o quan hi hagu\u00e9s alguna variaci\u00f3 en el tipus de cookies utilitzades en el lloc web. Per aix\u00f2, li recomanem revisar aquesta pol\u00edtica cada vegada que accedeixi al nostre lloc web amb l&#8217;objectiu d&#8217;estar adequadament informat sobre com i per qu\u00e8 fem servir les galetes.<\/span><\/p>\n<\/div>\n<\/div>\n<div class=\"cli_pg_page_contaner\">\n<p>&nbsp;<\/p>\n<\/div>\n","protected":false},"excerpt":{"rendered":"<p>Aquesta pol\u00edtica de cookies t\u00e9 per finalitat informar de manera clara i precisa sobre les cookies que s&#8217;utilitzen al nostre web.\u00a0 Utilitzem cookies pr\u00f2pies i de tercers per millorar els nostres serveis, personalitzar el nostre lloc web, facilitar la navegaci\u00f3 dels nostres usuaris, proporcionar-li una millor experi\u00e8ncia en l&#8217;\u00fas de la p\u00e0gina web, identificar problemes [&hellip;]<\/p>\n","protected":false},"author":1,"featured_media":0,"parent":0,"menu_order":0,"comment_status":"closed","ping_status":"closed","template":"","meta":{"_acf_changed":false,"content-type":"","inline_featured_image":false,"footnotes":""},"class_list":["post-1775","page","type-page","status-publish","hentry"],"acf":[],"yoast_head":"<!-- This site is optimized with the Yoast SEO plugin v27.4 - https:\/\/yoast.com\/product\/yoast-seo-wordpress\/ -->\n<title>Pol\u00edtica de cookies - \u00c8mfasi<\/title>\n<meta name=\"robots\" content=\"noindex, nofollow\" \/>\n<meta property=\"og:locale\" content=\"ca_ES\" \/>\n<meta property=\"og:type\" content=\"article\" \/>\n<meta property=\"og:title\" content=\"Pol\u00edtica de cookies - \u00c8mfasi\" \/>\n<meta property=\"og:description\" content=\"Aquesta pol\u00edtica de cookies t\u00e9 per finalitat informar de manera clara i precisa sobre les cookies que s&#8217;utilitzen al nostre web.\u00a0 Utilitzem cookies pr\u00f2pies i de tercers per millorar els nostres serveis, personalitzar el nostre lloc web, facilitar la navegaci\u00f3 dels nostres usuaris, proporcionar-li una millor experi\u00e8ncia en l&#8217;\u00fas de la p\u00e0gina web, identificar problemes [&hellip;]\" \/>\n<meta property=\"og:url\" content=\"https:\/\/emfasi.com\/ca\/politica-de-cookies\/\" \/>\n<meta property=\"og:site_name\" content=\"\u00c8mfasi\" \/>\n<meta property=\"article:modified_time\" content=\"2021-05-26T12:26:37+00:00\" \/>\n<meta property=\"og:image\" content=\"https:\/\/emfasi.com\/wp-content\/uploads\/2024\/01\/emfasi-profile-xxss.png\" \/>\n\t<meta property=\"og:image:width\" content=\"1080\" \/>\n\t<meta property=\"og:image:height\" content=\"1080\" \/>\n\t<meta property=\"og:image:type\" content=\"image\/png\" \/>\n<meta name=\"twitter:card\" content=\"summary_large_image\" \/>\n<meta name=\"twitter:label1\" content=\"Temps estimat de lectura\" \/>\n\t<meta name=\"twitter:data1\" content=\"6 minuts\" \/>\n<script type=\"application\/ld+json\" class=\"yoast-schema-graph\">{\"@context\":\"https:\\\/\\\/schema.org\",\"@graph\":[{\"@type\":\"WebPage\",\"@id\":\"https:\\\/\\\/emfasi.com\\\/ca\\\/politica-de-cookies\\\/\",\"url\":\"https:\\\/\\\/emfasi.com\\\/ca\\\/politica-de-cookies\\\/\",\"name\":\"Pol\u00edtica de cookies - \u00c8mfasi\",\"isPartOf\":{\"@id\":\"https:\\\/\\\/emfasi.com\\\/ca\\\/#website\"},\"datePublished\":\"2021-05-26T11:46:46+00:00\",\"dateModified\":\"2021-05-26T12:26:37+00:00\",\"breadcrumb\":{\"@id\":\"https:\\\/\\\/emfasi.com\\\/ca\\\/politica-de-cookies\\\/#breadcrumb\"},\"inLanguage\":\"ca\",\"potentialAction\":[{\"@type\":\"ReadAction\",\"target\":[\"https:\\\/\\\/emfasi.com\\\/ca\\\/politica-de-cookies\\\/\"]}]},{\"@type\":\"BreadcrumbList\",\"@id\":\"https:\\\/\\\/emfasi.com\\\/ca\\\/politica-de-cookies\\\/#breadcrumb\",\"itemListElement\":[{\"@type\":\"ListItem\",\"position\":1,\"name\":\"Portada\",\"item\":\"https:\\\/\\\/emfasi.com\\\/ca\\\/\"},{\"@type\":\"ListItem\",\"position\":2,\"name\":\"Pol\u00edtica de cookies\"}]},{\"@type\":\"WebSite\",\"@id\":\"https:\\\/\\\/emfasi.com\\\/ca\\\/#website\",\"url\":\"https:\\\/\\\/emfasi.com\\\/ca\\\/\",\"name\":\"\u00c8mfasi\",\"description\":\"your digital partner\",\"publisher\":{\"@id\":\"https:\\\/\\\/emfasi.com\\\/ca\\\/#organization\"},\"potentialAction\":[{\"@type\":\"SearchAction\",\"target\":{\"@type\":\"EntryPoint\",\"urlTemplate\":\"https:\\\/\\\/emfasi.com\\\/ca\\\/?s={search_term_string}\"},\"query-input\":{\"@type\":\"PropertyValueSpecification\",\"valueRequired\":true,\"valueName\":\"search_term_string\"}}],\"inLanguage\":\"ca\"},{\"@type\":\"Organization\",\"@id\":\"https:\\\/\\\/emfasi.com\\\/ca\\\/#organization\",\"name\":\"\u00e8mfasi - agencia de marketing digital\",\"alternateName\":\"\u00c8mfasi - disseny web\",\"url\":\"https:\\\/\\\/emfasi.com\\\/ca\\\/\",\"logo\":{\"@type\":\"ImageObject\",\"inLanguage\":\"ca\",\"@id\":\"https:\\\/\\\/emfasi.com\\\/ca\\\/#\\\/schema\\\/logo\\\/image\\\/\",\"url\":\"https:\\\/\\\/emfasi.com\\\/wp-content\\\/uploads\\\/2024\\\/01\\\/emfasi-profile-xxss.png\",\"contentUrl\":\"https:\\\/\\\/emfasi.com\\\/wp-content\\\/uploads\\\/2024\\\/01\\\/emfasi-profile-xxss.png\",\"width\":1080,\"height\":1080,\"caption\":\"\u00e8mfasi - agencia de marketing digital\"},\"image\":{\"@id\":\"https:\\\/\\\/emfasi.com\\\/ca\\\/#\\\/schema\\\/logo\\\/image\\\/\"},\"sameAs\":[\"https:\\\/\\\/www.instagram.com\\\/emfasi_com\\\/\",\"https:\\\/\\\/es.linkedin.com\\\/company\\\/emfasi-marketing-digital\"]}]}<\/script>\n<!-- \/ Yoast SEO plugin. -->","yoast_head_json":{"title":"Pol\u00edtica de cookies - \u00c8mfasi","robots":{"index":"noindex","follow":"nofollow"},"og_locale":"ca_ES","og_type":"article","og_title":"Pol\u00edtica de cookies - \u00c8mfasi","og_description":"Aquesta pol\u00edtica de cookies t\u00e9 per finalitat informar de manera clara i precisa sobre les cookies que s&#8217;utilitzen al nostre web.\u00a0 Utilitzem cookies pr\u00f2pies i de tercers per millorar els nostres serveis, personalitzar el nostre lloc web, facilitar la navegaci\u00f3 dels nostres usuaris, proporcionar-li una millor experi\u00e8ncia en l&#8217;\u00fas de la p\u00e0gina web, identificar problemes [&hellip;]","og_url":"https:\/\/emfasi.com\/ca\/politica-de-cookies\/","og_site_name":"\u00c8mfasi","article_modified_time":"2021-05-26T12:26:37+00:00","og_image":[{"width":1080,"height":1080,"url":"https:\/\/emfasi.com\/wp-content\/uploads\/2024\/01\/emfasi-profile-xxss.png","type":"image\/png"}],"twitter_card":"summary_large_image","twitter_misc":{"Temps estimat de lectura":"6 minuts"},"schema":{"@context":"https:\/\/schema.org","@graph":[{"@type":"WebPage","@id":"https:\/\/emfasi.com\/ca\/politica-de-cookies\/","url":"https:\/\/emfasi.com\/ca\/politica-de-cookies\/","name":"Pol\u00edtica de cookies - \u00c8mfasi","isPartOf":{"@id":"https:\/\/emfasi.com\/ca\/#website"},"datePublished":"2021-05-26T11:46:46+00:00","dateModified":"2021-05-26T12:26:37+00:00","breadcrumb":{"@id":"https:\/\/emfasi.com\/ca\/politica-de-cookies\/#breadcrumb"},"inLanguage":"ca","potentialAction":[{"@type":"ReadAction","target":["https:\/\/emfasi.com\/ca\/politica-de-cookies\/"]}]},{"@type":"BreadcrumbList","@id":"https:\/\/emfasi.com\/ca\/politica-de-cookies\/#breadcrumb","itemListElement":[{"@type":"ListItem","position":1,"name":"Portada","item":"https:\/\/emfasi.com\/ca\/"},{"@type":"ListItem","position":2,"name":"Pol\u00edtica de cookies"}]},{"@type":"WebSite","@id":"https:\/\/emfasi.com\/ca\/#website","url":"https:\/\/emfasi.com\/ca\/","name":"\u00c8mfasi","description":"your digital partner","publisher":{"@id":"https:\/\/emfasi.com\/ca\/#organization"},"potentialAction":[{"@type":"SearchAction","target":{"@type":"EntryPoint","urlTemplate":"https:\/\/emfasi.com\/ca\/?s={search_term_string}"},"query-input":{"@type":"PropertyValueSpecification","valueRequired":true,"valueName":"search_term_string"}}],"inLanguage":"ca"},{"@type":"Organization","@id":"https:\/\/emfasi.com\/ca\/#organization","name":"\u00e8mfasi - agencia de marketing digital","alternateName":"\u00c8mfasi - disseny web","url":"https:\/\/emfasi.com\/ca\/","logo":{"@type":"ImageObject","inLanguage":"ca","@id":"https:\/\/emfasi.com\/ca\/#\/schema\/logo\/image\/","url":"https:\/\/emfasi.com\/wp-content\/uploads\/2024\/01\/emfasi-profile-xxss.png","contentUrl":"https:\/\/emfasi.com\/wp-content\/uploads\/2024\/01\/emfasi-profile-xxss.png","width":1080,"height":1080,"caption":"\u00e8mfasi - agencia de marketing digital"},"image":{"@id":"https:\/\/emfasi.com\/ca\/#\/schema\/logo\/image\/"},"sameAs":["https:\/\/www.instagram.com\/emfasi_com\/","https:\/\/es.linkedin.com\/company\/emfasi-marketing-digital"]}]}},"_links":{"self":[{"href":"https:\/\/emfasi.com\/ca\/wp-json\/wp\/v2\/pages\/1775","targetHints":{"allow":["GET"]}}],"collection":[{"href":"https:\/\/emfasi.com\/ca\/wp-json\/wp\/v2\/pages"}],"about":[{"href":"https:\/\/emfasi.com\/ca\/wp-json\/wp\/v2\/types\/page"}],"author":[{"embeddable":true,"href":"https:\/\/emfasi.com\/ca\/wp-json\/wp\/v2\/users\/1"}],"replies":[{"embeddable":true,"href":"https:\/\/emfasi.com\/ca\/wp-json\/wp\/v2\/comments?post=1775"}],"version-history":[{"count":0,"href":"https:\/\/emfasi.com\/ca\/wp-json\/wp\/v2\/pages\/1775\/revisions"}],"wp:attachment":[{"href":"https:\/\/emfasi.com\/ca\/wp-json\/wp\/v2\/media?parent=1775"}],"curies":[{"name":"wp","href":"https:\/\/api.w.org\/{rel}","templated":true}]}}